{"id":10289,"date":"2022-08-18T18:21:02","date_gmt":"2022-08-18T21:21:02","guid":{"rendered":"http:\/\/93.188.161.248\/epopeia\/?page_id=10289"},"modified":"2024-08-05T08:03:04","modified_gmt":"2024-08-05T11:03:04","slug":"livro","status":"publish","type":"page","link":"https:\/\/epopeiadoagro.com.br\/epopeia\/index.php\/livro\/","title":{"rendered":"Livro"},"content":{"rendered":"\t\t<div data-elementor-type=\"wp-page\" data-elementor-id=\"10289\" class=\"elementor elementor-10289\">\n\t\t\t\t\t\t\t\t\t<section class=\"elementor-section elementor-top-section elementor-element elementor-element-536d9de elementor-section-height-min-height elementor-section-boxed elementor-section-height-default elementor-section-items-middle qodef-elementor-content-no\" data-id=\"536d9de\" data-element_type=\"section\" data-settings=\"{&quot;background_background&quot;:&quot;classic&quot;}\">\n\t\t\t\t\t\t\t<div class=\"elementor-background-overlay\"><\/div>\n\t\t\t\t\t\t\t<div class=\"elementor-container elementor-column-gap-default\">\n\t\t\t\t\t<div class=\"elementor-column elementor-col-100 elementor-top-column elementor-element elementor-element-70b8b1e\" data-id=\"70b8b1e\" data-element_type=\"column\">\n\t\t\t<div class=\"elementor-widget-wrap elementor-element-populated\">\n\t\t\t\t\t\t\t\t<div class=\"elementor-element elementor-element-3cc1856 elementor-widget__width-initial elementor-widget-tablet__width-auto elementor-widget elementor-widget-coppola_core_section_title\" data-id=\"3cc1856\" data-element_type=\"widget\" data-widget_type=\"coppola_core_section_title.default\">\n\t\t\t\t<div class=\"elementor-widget-container\">\n\t\t\t<div class=\"qodef-shortcode qodef-m  qodef-section-title qodef-alignment--left \">\n\t\t<p class=\"qodef-m-subtitle\" style=\"color: #FFFFFF\">ebook<\/p>\n\t\t<h3 class=\"qodef-m-title\" style=\"color: #FFFFFF\">\n\t\t\t\t\tepopeia do agro\t\t\t<\/h3>\n\t\t\t<p class=\"qodef-m-button\" style=\"margin-top: 43px\">\n\t\t<a class=\"qodef-shortcode qodef-m  qodef-button qodef-layout--outlined  qodef-skin--light qodef-html--link\" href=\"https:\/\/epopeiadoagro.com.br\/epopeia\/wp-content\/uploads\/2024\/08\/Livro-Epopeia-do-Agro-.pdf\" target=\"_blank\"  >\t<span class=\"qodef-m-text\">Download Ebook<\/span><\/a>\t<\/p>\n<\/div>\n\t\t<\/div>\n\t\t\t\t<\/div>\n\t\t\t\t\t<\/div>\n\t\t<\/div>\n\t\t\t\t\t\t\t<\/div>\n\t\t<\/section>\n\t\t\t\t<section class=\"elementor-section elementor-top-section elementor-element elementor-element-61e3790 elementor-section-boxed elementor-section-height-default elementor-section-height-default qodef-elementor-content-no\" data-id=\"61e3790\" data-element_type=\"section\">\n\t\t\t\t\t\t<div class=\"elementor-container elementor-column-gap-default\">\n\t\t\t\t\t<div class=\"elementor-column elementor-col-100 elementor-top-column elementor-element elementor-element-38e8bc2\" data-id=\"38e8bc2\" data-element_type=\"column\">\n\t\t\t<div class=\"elementor-widget-wrap elementor-element-populated\">\n\t\t\t\t\t\t\t\t<div class=\"elementor-element elementor-element-489acff elementor-widget elementor-widget-shortcode\" data-id=\"489acff\" data-element_type=\"widget\" data-widget_type=\"shortcode.default\">\n\t\t\t\t<div class=\"elementor-widget-container\">\n\t\t\t\t\t<div class=\"elementor-shortcode\"><div class=\"_df_book df-lite\" id=\"df_13475\"  _slug=\"ebook-epopeia-do-agro\" data-title=\"ebook-epopeia-do-agro\" wpoptions=\"true\" thumb=\"https:\/\/epopeiadoagro.com.br\/epopeia\/wp-content\/uploads\/2022\/06\/cropped-logo-png-e1654565048484.png\" thumbtype=\"\" ><\/div><script class=\"df-shortcode-script\" nowprocket type=\"application\/javascript\">window.option_df_13475 = {\"outline\":[],\"backgroundColor\":\"#121212\",\"autoEnableOutline\":\"false\",\"autoEnableThumbnail\":\"false\",\"overwritePDFOutline\":\"false\",\"direction\":\"1\",\"pageSize\":\"0\",\"soundEnable\":\"false\",\"source\":\"https:\\\/\\\/epopeiadoagro.com.br\\\/epopeia\\\/wp-content\\\/uploads\\\/2024\\\/08\\\/Livro-Epopeia-do-Agro-.pdf\",\"wpOptions\":\"true\"}; if(window.DFLIP && window.DFLIP.parseBooks){window.DFLIP.parseBooks();}<\/script><\/div>\n\t\t\t\t<\/div>\n\t\t\t\t<\/div>\n\t\t\t\t\t<\/div>\n\t\t<\/div>\n\t\t\t\t\t\t\t<\/div>\n\t\t<\/section>\n\t\t\t\t<section class=\"elementor-section elementor-top-section elementor-element elementor-element-ac351fc elementor-section-boxed elementor-section-height-default elementor-section-height-default qodef-elementor-content-no\" data-id=\"ac351fc\" data-element_type=\"section\">\n\t\t\t\t\t\t<div class=\"elementor-container elementor-column-gap-default\">\n\t\t\t\t\t<div class=\"elementor-column elementor-col-50 elementor-top-column elementor-element elementor-element-29f7e34\" data-id=\"29f7e34\" data-element_type=\"column\">\n\t\t\t<div class=\"elementor-widget-wrap elementor-element-populated\">\n\t\t\t\t\t\t\t\t<div class=\"elementor-element elementor-element-c09538e elementor-widget elementor-widget-text-editor\" data-id=\"c09538e\" data-element_type=\"widget\" data-widget_type=\"text-editor.default\">\n\t\t\t\t<div class=\"elementor-widget-container\">\n\t\t\t<style>\/*! elementor - v3.15.0 - 31-07-2023 *\/\n.elementor-widget-text-editor.elementor-drop-cap-view-stacked .elementor-drop-cap{background-color:#69727d;color:#fff}.elementor-widget-text-editor.elementor-drop-cap-view-framed .elementor-drop-cap{color:#69727d;border:3px solid;background-color:transparent}.elementor-widget-text-editor:not(.elementor-drop-cap-view-default) .elementor-drop-cap{margin-top:8px}.elementor-widget-text-editor:not(.elementor-drop-cap-view-default) .elementor-drop-cap-letter{width:1em;height:1em}.elementor-widget-text-editor .elementor-drop-cap{float:left;text-align:center;line-height:1;font-size:50px}.elementor-widget-text-editor .elementor-drop-cap-letter{display:inline-block}<\/style>\t\t\t\t<p><strong>Resumo<\/strong><\/p><p>Observe a paisagem urbana e rural ao seu redor: constru\u00e7\u00f5es, vias de acesso, servi\u00e7os, lavouras, pastagens, cercas, gado, benfeitorias, m\u00e1quinas e tecnologia. Mas nem sempre foi assim. Como uma regi\u00e3o se desenvolve e se transforma? Este livro explora essas quest\u00f5es, documentando a epopeia de pessoas comuns que, em busca de oportunidades, arriscaram e transformaram o Oeste da Bahia em uma refer\u00eancia no agroneg\u00f3cio brasileiro.<\/p><p>A obra destaca o pioneirismo daqueles que j\u00e1 estavam na regi\u00e3o e de migrantes de todo o Brasil, que impulsionaram a agricultura local. Relata as pol\u00edticas de interioriza\u00e7\u00e3o do Brasil, promovidas por v\u00e1rios governos, com o objetivo de aumentar a produ\u00e7\u00e3o de alimentos.<\/p><p>A partir de 1970, o Brasil intensificou os incentivos \u00e0 moderniza\u00e7\u00e3o agr\u00edcola, introduzindo novas tecnologias, equipamentos e pol\u00edticas para abrir novas regi\u00f5es. No entanto, as t\u00e9cnicas das regi\u00f5es sul e sudeste n\u00e3o eram adequadas para o cerrado baiano, exigindo um processo de adapta\u00e7\u00e3o tanto das pessoas quanto das pr\u00e1ticas agr\u00edcolas.<\/p><p>A hist\u00f3ria do pioneirismo agr\u00edcola no Oeste da Bahia pode ser dividida em duas fases principais: o desbravamento e a era moderna. Em ambas, os protagonistas foram nativos, migrantes do sul, sudeste e nordeste do pa\u00eds, incluindo descendentes nipo-brasileiros.<\/p><p>A determina\u00e7\u00e3o de vencer desafios e se tornarem propriet\u00e1rios de suas terras foi a motiva\u00e7\u00e3o que uniu essas pessoas no Oeste da Bahia.<\/p>\t\t\t\t\t\t<\/div>\n\t\t\t\t<\/div>\n\t\t\t\t\t<\/div>\n\t\t<\/div>\n\t\t\t\t<div class=\"elementor-column elementor-col-50 elementor-top-column elementor-element elementor-element-a6e0cac\" data-id=\"a6e0cac\" data-element_type=\"column\">\n\t\t\t<div class=\"elementor-widget-wrap elementor-element-populated\">\n\t\t\t\t\t\t\t\t<section class=\"elementor-section elementor-inner-section elementor-element elementor-element-e40f772 elementor-section-boxed elementor-section-height-default elementor-section-height-default qodef-elementor-content-no\" data-id=\"e40f772\" data-element_type=\"section\">\n\t\t\t\t\t\t<div class=\"elementor-container elementor-column-gap-default\">\n\t\t\t\t\t<div class=\"elementor-column elementor-col-50 elementor-inner-column elementor-element elementor-element-786d15b\" data-id=\"786d15b\" data-element_type=\"column\">\n\t\t\t<div class=\"elementor-widget-wrap elementor-element-populated\">\n\t\t\t\t\t\t\t\t<div class=\"elementor-element elementor-element-ea3b4f3 elementor-widget elementor-widget-text-editor\" data-id=\"ea3b4f3\" data-element_type=\"widget\" data-widget_type=\"text-editor.default\">\n\t\t\t\t<div class=\"elementor-widget-container\">\n\t\t\t\t\t\t\t<p><strong>Autores<\/strong><\/p>\t\t\t\t\t\t<\/div>\n\t\t\t\t<\/div>\n\t\t\t\t\t<\/div>\n\t\t<\/div>\n\t\t\t\t<div class=\"elementor-column elementor-col-50 elementor-inner-column elementor-element elementor-element-084179a\" data-id=\"084179a\" data-element_type=\"column\">\n\t\t\t<div class=\"elementor-widget-wrap elementor-element-populated\">\n\t\t\t\t\t\t\t\t<div class=\"elementor-element elementor-element-44e1051 elementor-widget elementor-widget-text-editor\" data-id=\"44e1051\" data-element_type=\"widget\" data-widget_type=\"text-editor.default\">\n\t\t\t\t<div class=\"elementor-widget-container\">\n\t\t\t\t\t\t\t<p><span style=\"font-weight: 400;\">Cristine Elizabeth Alvarenga Carneiro<\/span><\/p><p><span style=\"font-weight: 400;\">David Marcelino Almeida Schmidt<\/span><\/p>\t\t\t\t\t\t<\/div>\n\t\t\t\t<\/div>\n\t\t\t\t\t<\/div>\n\t\t<\/div>\n\t\t\t\t\t\t\t<\/div>\n\t\t<\/section>\n\t\t\t\t<section class=\"elementor-section elementor-inner-section elementor-element elementor-element-ffd4003 elementor-section-boxed elementor-section-height-default elementor-section-height-default qodef-elementor-content-no\" data-id=\"ffd4003\" data-element_type=\"section\">\n\t\t\t\t\t\t<div class=\"elementor-container elementor-column-gap-default\">\n\t\t\t\t\t<div class=\"elementor-column elementor-col-50 elementor-inner-column elementor-element elementor-element-3ee99f5\" data-id=\"3ee99f5\" data-element_type=\"column\">\n\t\t\t<div class=\"elementor-widget-wrap elementor-element-populated\">\n\t\t\t\t\t\t\t\t<div class=\"elementor-element elementor-element-a357924 elementor-widget elementor-widget-text-editor\" data-id=\"a357924\" data-element_type=\"widget\" data-widget_type=\"text-editor.default\">\n\t\t\t\t<div class=\"elementor-widget-container\">\n\t\t\t\t\t\t\t<p><strong>Edi\u00e7\u00e3o e Capa<\/strong><\/p>\t\t\t\t\t\t<\/div>\n\t\t\t\t<\/div>\n\t\t\t\t\t<\/div>\n\t\t<\/div>\n\t\t\t\t<div class=\"elementor-column elementor-col-50 elementor-inner-column elementor-element elementor-element-711629c\" data-id=\"711629c\" data-element_type=\"column\">\n\t\t\t<div class=\"elementor-widget-wrap elementor-element-populated\">\n\t\t\t\t\t\t\t\t<div class=\"elementor-element elementor-element-b3f4a6a elementor-widget elementor-widget-text-editor\" data-id=\"b3f4a6a\" data-element_type=\"widget\" data-widget_type=\"text-editor.default\">\n\t\t\t\t<div class=\"elementor-widget-container\">\n\t\t\t\t\t\t\t<p>Daniele de Melo Silvano<\/p>\t\t\t\t\t\t<\/div>\n\t\t\t\t<\/div>\n\t\t\t\t\t<\/div>\n\t\t<\/div>\n\t\t\t\t\t\t\t<\/div>\n\t\t<\/section>\n\t\t\t\t<section class=\"elementor-section elementor-inner-section elementor-element elementor-element-e33c4ea elementor-section-boxed elementor-section-height-default elementor-section-height-default qodef-elementor-content-no\" data-id=\"e33c4ea\" data-element_type=\"section\">\n\t\t\t\t\t\t<div class=\"elementor-container elementor-column-gap-default\">\n\t\t\t\t\t<div class=\"elementor-column elementor-col-50 elementor-inner-column elementor-element elementor-element-1ec8a52\" data-id=\"1ec8a52\" data-element_type=\"column\">\n\t\t\t<div class=\"elementor-widget-wrap elementor-element-populated\">\n\t\t\t\t\t\t\t\t<div class=\"elementor-element elementor-element-28dca93 elementor-widget elementor-widget-text-editor\" data-id=\"28dca93\" data-element_type=\"widget\" data-widget_type=\"text-editor.default\">\n\t\t\t\t<div class=\"elementor-widget-container\">\n\t\t\t\t\t\t\t<p><strong>Revis\u00e3o<\/strong><\/p>\t\t\t\t\t\t<\/div>\n\t\t\t\t<\/div>\n\t\t\t\t\t<\/div>\n\t\t<\/div>\n\t\t\t\t<div class=\"elementor-column elementor-col-50 elementor-inner-column elementor-element elementor-element-9b461e2\" data-id=\"9b461e2\" data-element_type=\"column\">\n\t\t\t<div class=\"elementor-widget-wrap elementor-element-populated\">\n\t\t\t\t\t\t\t\t<div class=\"elementor-element elementor-element-126ee61 elementor-widget elementor-widget-text-editor\" data-id=\"126ee61\" data-element_type=\"widget\" data-widget_type=\"text-editor.default\">\n\t\t\t\t<div class=\"elementor-widget-container\">\n\t\t\t\t\t\t\t<p><span style=\"font-weight: 400;\">M\u00f3nica Guerrero Garay<\/span><\/p>\t\t\t\t\t\t<\/div>\n\t\t\t\t<\/div>\n\t\t\t\t\t<\/div>\n\t\t<\/div>\n\t\t\t\t\t\t\t<\/div>\n\t\t<\/section>\n\t\t\t\t<section class=\"elementor-section elementor-inner-section elementor-element elementor-element-ab904fa elementor-section-boxed elementor-section-height-default elementor-section-height-default qodef-elementor-content-no\" data-id=\"ab904fa\" data-element_type=\"section\">\n\t\t\t\t\t\t<div class=\"elementor-container elementor-column-gap-default\">\n\t\t\t\t\t<div class=\"elementor-column elementor-col-50 elementor-inner-column elementor-element elementor-element-d327721\" data-id=\"d327721\" data-element_type=\"column\">\n\t\t\t<div class=\"elementor-widget-wrap elementor-element-populated\">\n\t\t\t\t\t\t\t\t<div class=\"elementor-element elementor-element-e507a13 elementor-widget elementor-widget-text-editor\" data-id=\"e507a13\" data-element_type=\"widget\" data-widget_type=\"text-editor.default\">\n\t\t\t\t<div class=\"elementor-widget-container\">\n\t\t\t\t\t\t\t<p><strong>Data da publica\u00e7\u00e3o<\/strong><\/p>\t\t\t\t\t\t<\/div>\n\t\t\t\t<\/div>\n\t\t\t\t\t<\/div>\n\t\t<\/div>\n\t\t\t\t<div class=\"elementor-column elementor-col-50 elementor-inner-column elementor-element elementor-element-e4a28da\" data-id=\"e4a28da\" data-element_type=\"column\">\n\t\t\t<div class=\"elementor-widget-wrap elementor-element-populated\">\n\t\t\t\t\t\t\t\t<div class=\"elementor-element elementor-element-f86845f elementor-widget elementor-widget-text-editor\" data-id=\"f86845f\" data-element_type=\"widget\" data-widget_type=\"text-editor.default\">\n\t\t\t\t<div class=\"elementor-widget-container\">\n\t\t\t\t\t\t\t<p>2024<\/p>\t\t\t\t\t\t<\/div>\n\t\t\t\t<\/div>\n\t\t\t\t\t<\/div>\n\t\t<\/div>\n\t\t\t\t\t\t\t<\/div>\n\t\t<\/section>\n\t\t\t\t<section class=\"elementor-section elementor-inner-section elementor-element elementor-element-1570eab elementor-section-boxed elementor-section-height-default elementor-section-height-default qodef-elementor-content-no\" data-id=\"1570eab\" data-element_type=\"section\">\n\t\t\t\t\t\t<div class=\"elementor-container elementor-column-gap-default\">\n\t\t\t\t\t<div class=\"elementor-column elementor-col-50 elementor-inner-column elementor-element elementor-element-3f0240d\" data-id=\"3f0240d\" data-element_type=\"column\">\n\t\t\t<div class=\"elementor-widget-wrap elementor-element-populated\">\n\t\t\t\t\t\t\t\t<div class=\"elementor-element elementor-element-814fc55 elementor-widget elementor-widget-text-editor\" data-id=\"814fc55\" data-element_type=\"widget\" data-widget_type=\"text-editor.default\">\n\t\t\t\t<div class=\"elementor-widget-container\">\n\t\t\t\t\t\t\t<p><strong>Entrevistadores<\/strong><\/p>\t\t\t\t\t\t<\/div>\n\t\t\t\t<\/div>\n\t\t\t\t\t<\/div>\n\t\t<\/div>\n\t\t\t\t<div class=\"elementor-column elementor-col-50 elementor-inner-column elementor-element elementor-element-67cb73b\" data-id=\"67cb73b\" data-element_type=\"column\">\n\t\t\t<div class=\"elementor-widget-wrap elementor-element-populated\">\n\t\t\t\t\t\t\t\t<div class=\"elementor-element elementor-element-4527174 elementor-widget elementor-widget-text-editor\" data-id=\"4527174\" data-element_type=\"widget\" data-widget_type=\"text-editor.default\">\n\t\t\t\t<div class=\"elementor-widget-container\">\n\t\t\t\t\t\t\t<p><span style=\"font-weight: 400;\">Cristine Elizabeth Alvarenga Carneiro,\u00a0 David Marcelino Almeida Schmidt e Gledson Alves Rocha<\/span><\/p>\t\t\t\t\t\t<\/div>\n\t\t\t\t<\/div>\n\t\t\t\t\t<\/div>\n\t\t<\/div>\n\t\t\t\t\t\t\t<\/div>\n\t\t<\/section>\n\t\t\t\t<section class=\"elementor-section elementor-inner-section elementor-element elementor-element-4026d1c elementor-section-boxed elementor-section-height-default elementor-section-height-default qodef-elementor-content-no\" data-id=\"4026d1c\" data-element_type=\"section\">\n\t\t\t\t\t\t<div class=\"elementor-container elementor-column-gap-default\">\n\t\t\t\t\t<div class=\"elementor-column elementor-col-50 elementor-inner-column elementor-element elementor-element-2211106\" data-id=\"2211106\" data-element_type=\"column\">\n\t\t\t<div class=\"elementor-widget-wrap elementor-element-populated\">\n\t\t\t\t\t\t\t\t<div class=\"elementor-element elementor-element-e406230 elementor-widget elementor-widget-text-editor\" data-id=\"e406230\" data-element_type=\"widget\" data-widget_type=\"text-editor.default\">\n\t\t\t\t<div class=\"elementor-widget-container\">\n\t\t\t\t\t\t\t<p><strong>Entrevistados<\/strong><\/p>\t\t\t\t\t\t<\/div>\n\t\t\t\t<\/div>\n\t\t\t\t\t<\/div>\n\t\t<\/div>\n\t\t\t\t<div class=\"elementor-column elementor-col-50 elementor-inner-column elementor-element elementor-element-d603e62\" data-id=\"d603e62\" data-element_type=\"column\">\n\t\t\t<div class=\"elementor-widget-wrap elementor-element-populated\">\n\t\t\t\t\t\t\t\t<div class=\"elementor-element elementor-element-dfa003d elementor-widget elementor-widget-text-editor\" data-id=\"dfa003d\" data-element_type=\"widget\" data-widget_type=\"text-editor.default\">\n\t\t\t\t<div class=\"elementor-widget-container\">\n\t\t\t\t\t\t\t<p><span style=\"font-weight: 400;\">Adilson Suzuki, Alysson Paolinelli, Almir e Isolete Ficagna, Ant\u00f4nio Balbino Neto, Ant\u00f4nio Guadagnin, Beatriz Casale, Carlinhos Ga\u00facho, Carminha Missio, Celito Breda, Cisino Lopes, Dion\u00edsio e Ivone Zanotto, Helena Schmidt, David Schmidt, Maria Inez Oliveira do Nascimento, Maria Jos\u00e9\u00a0 Fernandes\u00a0 de Sousa\u00a0 Diesel, Marly Klann Franque, Mois\u00e9s Schmidt, Paulo Schmidt, Tobias Schmidt, H\u00e9lio Busato, Olivia Busato, Hil\u00e1rio Kappes, Humberto de Oliveira, Idone Luiz Grolli, Ignez Pitta, Ildo Rambo, Jo\u00e3o Kuffel, Jorge Koyama, Jos\u00e9 Cl\u00e1udio Oliveira, Josiel Menezes, J\u00falio Cesar Busato, Leandro Khon, L\u00eddia Maria de Souza, Luiz Pradella, Mauri Dala, Moacir Hope, Nilson de Assun\u00e7\u00e3o, Odir Pradella, Rosi Cerrato, Selmo Cerrato<\/span><\/p>\t\t\t\t\t\t<\/div>\n\t\t\t\t<\/div>\n\t\t\t\t\t<\/div>\n\t\t<\/div>\n\t\t\t\t\t\t\t<\/div>\n\t\t<\/section>\n\t\t\t\t<section class=\"elementor-section elementor-inner-section elementor-element elementor-element-636347c elementor-section-boxed elementor-section-height-default elementor-section-height-default qodef-elementor-content-no\" data-id=\"636347c\" data-element_type=\"section\">\n\t\t\t\t\t\t<div class=\"elementor-container elementor-column-gap-default\">\n\t\t\t\t\t<div class=\"elementor-column elementor-col-50 elementor-inner-column elementor-element elementor-element-62138fe\" data-id=\"62138fe\" data-element_type=\"column\">\n\t\t\t<div class=\"elementor-widget-wrap elementor-element-populated\">\n\t\t\t\t\t\t\t\t<div class=\"elementor-element elementor-element-dacd5e5 elementor-widget elementor-widget-text-editor\" data-id=\"dacd5e5\" data-element_type=\"widget\" data-widget_type=\"text-editor.default\">\n\t\t\t\t<div class=\"elementor-widget-container\">\n\t\t\t\t\t\t\t<p><strong>Assuntos<\/strong><\/p>\t\t\t\t\t\t<\/div>\n\t\t\t\t<\/div>\n\t\t\t\t\t<\/div>\n\t\t<\/div>\n\t\t\t\t<div class=\"elementor-column elementor-col-50 elementor-inner-column elementor-element elementor-element-56cbccc\" data-id=\"56cbccc\" data-element_type=\"column\">\n\t\t\t<div class=\"elementor-widget-wrap elementor-element-populated\">\n\t\t\t\t\t\t\t\t<div class=\"elementor-element elementor-element-2c47709 elementor-widget elementor-widget-text-editor\" data-id=\"2c47709\" data-element_type=\"widget\" data-widget_type=\"text-editor.default\">\n\t\t\t\t<div class=\"elementor-widget-container\">\n\t\t\t\t\t\t\t<p>Hist\u00f3ria<\/p><p>Agricultura<\/p><p>Tecnologia<\/p><p>Sociedade<\/p><p>Inova\u00e7\u00e3o<\/p><p>Oeste da Bahia<\/p>\t\t\t\t\t\t<\/div>\n\t\t\t\t<\/div>\n\t\t\t\t\t<\/div>\n\t\t<\/div>\n\t\t\t\t\t\t\t<\/div>\n\t\t<\/section>\n\t\t\t\t\t<\/div>\n\t\t<\/div>\n\t\t\t\t\t\t\t<\/div>\n\t\t<\/section>\n\t\t\t\t\t\t\t<\/div>\n\t\t","protected":false},"excerpt":{"rendered":"<p>ebook epopeia do agro Download Ebook Resumo Observe a paisagem urbana e rural ao seu redor: constru\u00e7\u00f5es, vias de acesso, servi\u00e7os, lavouras, pastagens, cercas, gado, benfeitorias, m\u00e1quinas e tecnologia. Mas nem sempre foi assim. Como uma regi\u00e3o se desenvolve e se transforma? Este livro explora essas quest\u00f5es, documentando a epopeia de pessoas comuns que, em [&hellip;]<\/p>\n","protected":false},"author":1,"featured_media":0,"parent":0,"menu_order":0,"comment_status":"closed","ping_status":"closed","template":"page-full-width.php","meta":{"footnotes":""},"class_list":["post-10289","page","type-page","status-publish","hentry"],"_links":{"self":[{"href":"https:\/\/epopeiadoagro.com.br\/epopeia\/index.php\/wp-json\/wp\/v2\/pages\/10289","targetHints":{"allow":["GET"]}}],"collection":[{"href":"https:\/\/epopeiadoagro.com.br\/epopeia\/index.php\/wp-json\/wp\/v2\/pages"}],"about":[{"href":"https:\/\/epopeiadoagro.com.br\/epopeia\/index.php\/wp-json\/wp\/v2\/types\/page"}],"author":[{"embeddable":true,"href":"https:\/\/epopeiadoagro.com.br\/epopeia\/index.php\/wp-json\/wp\/v2\/users\/1"}],"replies":[{"embeddable":true,"href":"https:\/\/epopeiadoagro.com.br\/epopeia\/index.php\/wp-json\/wp\/v2\/comments?post=10289"}],"version-history":[{"count":194,"href":"https:\/\/epopeiadoagro.com.br\/epopeia\/index.php\/wp-json\/wp\/v2\/pages\/10289\/revisions"}],"predecessor-version":[{"id":13533,"href":"https:\/\/epopeiadoagro.com.br\/epopeia\/index.php\/wp-json\/wp\/v2\/pages\/10289\/revisions\/13533"}],"wp:attachment":[{"href":"https:\/\/epopeiadoagro.com.br\/epopeia\/index.php\/wp-json\/wp\/v2\/media?parent=10289"}],"curies":[{"name":"wp","href":"https:\/\/api.w.org\/{rel}","templated":true}]}}